{"id":702,"date":"2023-03-14T14:53:43","date_gmt":"2023-03-14T13:53:43","guid":{"rendered":"https:\/\/firsh.law\/mentions-legales\/"},"modified":"2026-01-29T14:57:26","modified_gmt":"2026-01-29T13:57:26","slug":"mentions-legales","status":"publish","type":"page","link":"https:\/\/firsh.law\/en\/mentions-legales\/","title":{"rendered":"Legal notices and even more transparency"},"content":{"rendered":"<h3 class=\"p1\"><b>1 \u2013 \u00c9diteur<\/b><\/h3>\n<p class=\"p2\">Le pr\u00e9sent site web, accessible \u00e0 l\u2019adresse. <a href=\"http:\/\/www.firsh.law\"><span class=\"s1\">www.firsh.law<\/span><\/a> est \u00e9dit\u00e9 par FIRSH Soci\u00e9t\u00e9 d\u2019Avocats, Selarlu, inscrite au registre du commerce et des soci\u00e9t\u00e9s de Paris sous le num\u00e9ro 949421192 ayant pour num\u00e9ro de TVA intra-communautaire FR14 949 421 192 dont le si\u00e8ge social est situ\u00e9 38 rue de Courcelles, 75008 Paris.<span class=\"Apple-converted-space\">\u00a0<\/span><\/p>\n<p class=\"p2\">La directrice de la publication du Site Web est Madame Claire POIRSON, en qualit\u00e9 de G\u00e9rante de la\u00a0selarlu FIRSH.<\/p>\n<p class=\"p2\">Le Site Web est h\u00e9berg\u00e9 chez OVH,<span class=\"Apple-converted-space\">\u00a0 <\/span>SAS, RCS Roubaix \u2013 Tourcoing 424 761 419 00011 \u2013Si\u00e8ge social : 140 Quai du Sartel \u2013 59100 Roubaix \u2013 France, accessible \u00e0 http:\/\/www.ovh.com<\/p>\n<p class=\"p4\">Design &amp; Code :\u00a0 Vaadigm.studio<\/p>\n<p class=\"p2\">Cr\u00e9dit photos :<br \/>\nLa photographe portraitiste est Sylvia Galmot.<span class=\"Apple-converted-space\"><br \/>\n<\/span>Les photos du site proviennent de la collection Adobe Stock<\/p>\n<p class=\"p5\">FISH Soci\u00e9t\u00e9 d\u2019avocats est un cabinet sp\u00e9cialis\u00e9 en droit de la propri\u00e9t\u00e9 intellectuelle et en droit des nouvelles technologies, intelligence artificielle et projets \u00e0 impacts dont tous les avocats sont\u00a0 inscrits au Barreau de Paris, et sont ainsi rattach\u00e9s \u00e0 l\u2019Ordre du barreau de Paris (France).<\/p>\n<p class=\"p5\">Les avocats membres de FIRSH Soci\u00e9t\u00e9 d\u2019avocats sont soumis au r\u00e8glement int\u00e9rieur du barreau de paris et au r\u00e8glement int\u00e9rieur national dans leur version applicable ainsi qu\u2019aux dispositions l\u00e9gislatives et r\u00e8glementaires relatives \u00e0 la profession d\u2019avocat.<\/p>\n<p class=\"p2\">Dans le respect de la libert\u00e9 de fixation de l\u2019honoraire, mais soucieux d\u2019une information pr\u00e9cise et pr\u00e9alable, FIRSH s\u2019engage au\u2013del\u00e0 des obligations l\u00e9gales et dans le respect stricte de la d\u00e9ontologie applicable, \u00e0 assurer une clart\u00e9 compl\u00e8te et sinc\u00e8re sur les co\u00fbts d\u2019intervention en observant les r\u00e8gles suivantes :<\/p>\n<ol class=\"ol1\">\n<li class=\"li6\"><span class=\"s2\">Donner une information pr\u00e9alable sur le montant des provisions et honoraires (forfait) ou le moyen de le d\u00e9terminer (temps pass\u00e9) ou proposer une convention d\u2019honoraires comportant \u00e9ventuellement un honoraire de r\u00e9sultat.<\/span><\/li>\n<li class=\"li6\"><span class=\"s2\">Formaliser par \u00e9crit une proposition des honoraires frais et d\u00e9bours qui sera soumise \u00e0 la signature ou \u00e0 l\u2019accord du client.<\/span><\/li>\n<li class=\"li6\"><span class=\"s2\">Avertir le client, en cas d\u2019\u00e9v\u00e9nement susceptible de modifier le montant initialement pr\u00e9vu, en raison de l\u2019\u00e9volution du dossier.<\/span><\/li>\n<li class=\"li6\"><span class=\"s2\">Fournir sur simple demande un \u00e9tat d\u00e9taill\u00e9 des diligences effectu\u00e9es ;<\/span><\/li>\n<li class=\"li6\"><span class=\"s2\">En cas d\u2019honoraire au temps pass\u00e9, \u00e9tablir au fur et \u00e0 mesure des diligences une facturation et en tenir r\u00e9guli\u00e8rement inform\u00e9 le client.<\/span><\/li>\n<li class=\"li6\"><span class=\"s2\">Remettre au client au terme de la mission qui lui a \u00e9t\u00e9 confi\u00e9e, ou \u00e0 la cl\u00f4ture du dossier, un compte d\u00e9taill\u00e9, pr\u00e9cisant les diligences accomplies et rappelant l\u2019ensemble des sommes appel\u00e9es.<\/span><\/li>\n<li class=\"li6\"><span class=\"s2\">Afficher et porter \u00e0 la connaissance de la client\u00e8le la pr\u00e9sente charte, conform\u00e9ment aux dispositions de l\u2019article 10 du RIU.<\/span><\/li>\n<\/ol>\n<p>&nbsp;<\/p>\n<h3 class=\"p1\"><b>2 \u2013 Contenu du Site<\/b><\/h3>\n<p class=\"p5\">Le contenu du site la structure g\u00e9n\u00e9rale, les textes, les images, anim\u00e9es ou non, et les sons dont le Site est compos\u00e9 sont la propri\u00e9t\u00e9 exclusive de la selarlu FIRSH. Toute repr\u00e9sentation totale ou partielle de ce Site et de son Contenu, par quelques proc\u00e9d\u00e9s que ce soient, sans l\u2019autorisation pr\u00e9alable expresse de la selarlu FIRSH est interdite et constituerait une contrefa\u00e7on sanctionn\u00e9e par les articles L.335-2 et suivants du Code de la Propri\u00e9t\u00e9 intellectuelle.<\/p>\n<p>&nbsp;<\/p>\n<h3 class=\"p7\"><b>3 \u2013 Licence d\u2019utilisation du Contenu du Site<\/b><\/h3>\n<p class=\"p5\">Du seul fait de sa connexion au site, l\u2019utilisateur reconna\u00eet accepter de la selarlu FIRSH, une licence d\u2019usage du Contenu du Site strictement limit\u00e9e aux conditions imp\u00e9ratives suivantes :<\/p>\n<p class=\"p5\">La pr\u00e9sente licence est accord\u00e9e \u00e0 titre non exclusif et n\u2019est pas transmissible.<\/p>\n<p class=\"p5\">Le droit d\u2019usage conf\u00e9r\u00e9 \u00e0 l\u2019utilisateur\/internaute est personnel et priv\u00e9 : c\u2019est-\u00e0-dire que toute reproduction du contenu du site sur un quelconque support pour un usage collectif ou professionnel, m\u00eame en interne dans l\u2019entreprise, est prohib\u00e9e. Il en est de m\u00eame pour toute communication de ce contenu par voie \u00e9lectronique, m\u00eame diffus\u00e9 en intranet ou en extranet d\u2019entreprise.<\/p>\n<p class=\"p5\">Le droit d\u2019usage comprend seulement l\u2019autorisation de consulter le site et son contenu.<\/p>\n<p class=\"p5\">Cet usage comprend seulement l\u2019autorisation de reproduire pour stockage aux fins de repr\u00e9sentation sur \u00e9cran monoposte et de reproduction en un exemplaire, pour copie de sauvegarde et tirage papier. Tout autre usage est soumis \u00e0 l\u2019autorisation expresse pr\u00e9alable de la selarl HAAS Soci\u00e9t\u00e9 d\u2019Avocats. La violation de ces dispositions soumet le contrevenant et toutes personnes responsables aux peines p\u00e9nales et civiles pr\u00e9vues par la loi fran\u00e7aise.<\/p>\n<p>&nbsp;<\/p>\n<h3 class=\"p7\"><b>4 \u2013 Loi informatique, fichiers et libert\u00e9s &#8211; RGPD<\/b><\/h3>\n<p class=\"p8\">FIRSH<span class=\"Apple-converted-space\">\u00a0 <\/span>est le responsable du traitement des donn\u00e9es collect\u00e9es sur le Site internet.<\/p>\n<p class=\"p5\">L\u2019utilisateur est notamment inform\u00e9 que conform\u00e9ment \u00e0 l\u2019article 32 de la loi Informatique et libert\u00e9s du 6 janvier 1978 modifi\u00e9e, les informations qu\u2019il communique par les formulaires pr\u00e9sents sur le Site sont n\u00e9cessaires pour r\u00e9pondre \u00e0 sa demande et sont destin\u00e9es aux services en charge de r\u00e9pondre \u00e0 sa demande \u00e0 des fins de suivi de cette demande.<\/p>\n<p class=\"p5\">Conform\u00e9ment aux dispositions des articles 39 et 40 de la loi \u00ab Informatique et Libert\u00e9s \u00bb du 6 janvier 1978 modifi\u00e9e, l\u2019utilisateur b\u00e9n\u00e9ficie d\u2019un droit d\u2019acc\u00e8s, de rectification, de mise \u00e0 jour, de portabilit\u00e9 et d\u2019effacement des informations qui le concernent, qu\u2019il peut exercer en s\u2019adressant \u00e0 contact@firsh.law, ou par courrier \u00e0 FIRSH, 38 rue de Courcelles 75008 Paris, en pr\u00e9cisant dans l\u2019objet du courrier \u00ab Droit des personnes \u00bb et en joignant la copie de son justificatif d\u2019identit\u00e9. Conform\u00e9ment aux dispositions de l\u2019article 38 de la loi pr\u00e9cit\u00e9e, l\u2019utilisateur peut \u00e9galement s\u2019opposer, pour des motifs l\u00e9gitimes \u00e0 ce que ses donn\u00e9es fassent l\u2019objet d\u2019un traitement et sans motif et sans frais, \u00e0 ce que ses donn\u00e9es soient utilis\u00e9es \u00e0 des fins de prospection commerciale.<\/p>\n<p class=\"p8\">L\u2019utilisateur est inform\u00e9 que le Site www.firsh.law n\u2019a install\u00e9 aucun cookie.<\/p>\n<p class=\"p5\">L\u2019utilisateur du Site de FIRSH est tenu de respecter les dispositions de la loi Informatique et libert\u00e9s du 6 janvier 1978 modifi\u00e9e dont la violation est passible de sanctions p\u00e9nales. Il doit notamment s\u2019abstenir, s\u2019agissant des informations nominatives auxquelles il acc\u00e8de, de toute collecte, de toute utilisation d\u00e9tourn\u00e9e, et d\u2019une mani\u00e8re g\u00e9n\u00e9rale, de tout acte susceptible de porter atteinte \u00e0 la vie priv\u00e9e ou \u00e0 la r\u00e9putation des personnes.<\/p>\n<p class=\"p5\">Pour plus d\u2019informations sur la gestion des donn\u00e9es personnelles, voir la politique de confidentialit\u00e9 <span class=\"s3\">(mettre le lien ici)<\/span><\/p>\n<p>&nbsp;<\/p>\n<h3 class=\"p7\"><b>5 \u2013 Les marques<\/b><\/h3>\n<p class=\"p8\">Les marques de FIRSH pouvant figurer sur le Site sont des marques d\u00e9pos\u00e9es. Toute reproduction totale ou partielle de ces marques sans autorisation expresse de la selarlu FIRSH est donc prohib\u00e9e.<\/p>\n<p>&nbsp;<\/p>\n<h3 class=\"p7\"><b>6 \u2013 Liens Hypertextes<\/b><\/h3>\n<p class=\"p8\">Les liens hypertextes mis en place dans le cadre du pr\u00e9sent site en direction d\u2019autres ressources pr\u00e9sentes sur le r\u00e9seau Internet, ne sauraient engager la responsabilit\u00e9 de la selarlu FIRSH. Les utilisateurs\/internautes du site ne peuvent mettre en place un lien hypertexte en direction de ce site sans l\u2019autorisation expresse et pr\u00e9alable de la selarlu FIRSH.<\/p>\n<p>&nbsp;<\/p>\n<h3 class=\"p7\"><b>7 \u2013 Autorisation de reproduction de contenus et de mise en place d\u2019hyperliens<\/b><\/h3>\n<p class=\"p2\">Pour toute information et demande de reproduction d\u2019un contenu paru sur le site<br \/>\n<a href=\"http:\/\/www.firsh.law\"><span class=\"s4\">www.firsh.law<\/span><\/a><span class=\"Apple-converted-space\">\u00a0 <\/span>(textes, graphiques, illustrations) quel qu\u2019en soit le support, comme pour toute autorisation de mise en place d\u2019un hyperlien, l\u2019utilisateur est invit\u00e9 \u00e0 adresser sa demande e-mail \u00e0 contact@firsh.law<\/p>\n<p>&nbsp;<\/p>\n<h3 class=\"p7\"><b>8 \u2013 Respect de la vie priv\u00e9e et des donn\u00e9es personnelles<span class=\"Apple-converted-space\">\u00a0<\/span><\/b><\/h3>\n<p class=\"p2\">FIRSH respecte votre vie priv\u00e9e et s\u2019engage \u00e0 la prot\u00e9ger. La charte de confidentialit\u00e9 accessible en cliquant <a href=\"https:\/\/firsh.law\/en\/charte-de-protection-des-donnees-personnelles\/\">sur <span class=\"s3\">ce lien <\/span><\/a>est destin\u00e9e \u00e0 vous informer de notre politique en mati\u00e8re de respect des donn\u00e9es personnelles et de la vie priv\u00e9e, ainsi que des choix que vous pouvez op\u00e9rer sur la mani\u00e8re dont vos coordonn\u00e9es sont recueillies en ligne et comment elles sont utilis\u00e9es.<span class=\"Apple-converted-space\">\u00a0<\/span><\/p>\n<p class=\"p2\">Le site internet et notre activit\u00e9 professionnelle sont r\u00e9gis par le Droit fran\u00e7ais.<span class=\"Apple-converted-space\">\u00a0<\/span><\/p>\n<p class=\"p2\">En cas de litige r\u00e9sultant de votre utilisation de notre site web, seuls les Tribunaux de Paris (France) sont comp\u00e9tents.<\/p>\n","protected":false},"excerpt":{"rendered":"<p>1 \u2013 \u00c9diteur Le pr\u00e9sent site web, accessible \u00e0 l\u2019adresse. www.firsh.law est \u00e9dit\u00e9 par FIRSH Soci\u00e9t\u00e9 d\u2019Avocats, Selarlu, inscrite au registre du commerce et des soci\u00e9t\u00e9s de Paris sous le num\u00e9ro 949421192 ayant pour num\u00e9ro de TVA intra-communautaire FR14 949 421 192 dont le si\u00e8ge social est situ\u00e9 38 rue de Courcelles, 75008 Paris.\u00a0 La [&hellip;]<\/p>\n","protected":false},"author":1,"featured_media":0,"parent":0,"menu_order":0,"comment_status":"closed","ping_status":"closed","template":"","meta":{"_acf_changed":false,"_seopress_robots_primary_cat":"","_seopress_titles_title":"","_seopress_titles_desc":"","_seopress_robots_index":"","inline_featured_image":false,"footnotes":""},"class_list":["post-702","page","type-page","status-publish","hentry"],"acf":[],"_links":{"self":[{"href":"https:\/\/firsh.law\/en\/wp-json\/wp\/v2\/pages\/702","targetHints":{"allow":["GET"]}}],"collection":[{"href":"https:\/\/firsh.law\/en\/wp-json\/wp\/v2\/pages"}],"about":[{"href":"https:\/\/firsh.law\/en\/wp-json\/wp\/v2\/types\/page"}],"author":[{"embeddable":true,"href":"https:\/\/firsh.law\/en\/wp-json\/wp\/v2\/users\/1"}],"replies":[{"embeddable":true,"href":"https:\/\/firsh.law\/en\/wp-json\/wp\/v2\/comments?post=702"}],"version-history":[{"count":4,"href":"https:\/\/firsh.law\/en\/wp-json\/wp\/v2\/pages\/702\/revisions"}],"predecessor-version":[{"id":1640,"href":"https:\/\/firsh.law\/en\/wp-json\/wp\/v2\/pages\/702\/revisions\/1640"}],"wp:attachment":[{"href":"https:\/\/firsh.law\/en\/wp-json\/wp\/v2\/media?parent=702"}],"curies":[{"name":"wp","href":"https:\/\/api.w.org\/{rel}","templated":true}]}}